{"id":3,"date":"2025-05-17T19:36:34","date_gmt":"2025-05-17T19:36:34","guid":{"rendered":"http:\/\/adventurehostelsangil.com\/?page_id=3"},"modified":"2025-06-03T22:16:16","modified_gmt":"2025-06-04T03:16:16","slug":"politica-de-privacidad","status":"publish","type":"page","link":"https:\/\/adventurehostelsangil.com\/en\/politica-de-privacidad\/","title":{"rendered":"Pol\u00edtica de Privacidad"},"content":{"rendered":"<div data-elementor-type=\"wp-page\" data-elementor-id=\"3\" class=\"elementor elementor-3\">\n\t\t\t\t<div class=\"elementor-element elementor-element-ab40658 e-flex e-con-boxed e-con e-parent\" data-id=\"ab40658\" data-element_type=\"container\">\n\t\t\t\t\t<div class=\"e-con-inner\">\n\t\t\t\t<div class=\"elementor-element elementor-element-76393bd7 elementor-widget elementor-widget-text-editor\" data-id=\"76393bd7\" data-element_type=\"widget\" data-widget_type=\"text-editor.default\">\n\t\t\t\t<div class=\"elementor-widget-container\">\n\t\t\t\t\t\t\t\t\t<h3 data-start=\"184\" data-end=\"237\"><strong data-start=\"188\" data-end=\"237\">Pol\u00edtica de Privacidad de Adventure Hostel San Gil<\/strong><\/h3>\n<p data-start=\"239\" data-end=\"495\">En Adventure Hostel, ubicado en San Gil, Colombia, nos comprometemos a proteger la privacidad de nuestros hu\u00e9spedes y visitantes. Esta Pol\u00edtica de Privacidad explica c\u00f3mo recopilamos, usamos y protegemos la informaci\u00f3n personal que nos proporcionas.<\/p>\n<hr data-start=\"497\" data-end=\"500\" \/>\n<h4 data-start=\"502\" data-end=\"541\"><strong data-start=\"507\" data-end=\"541\">1. Informaci\u00f3n que recopilamos<\/strong><\/h4>\n<p data-start=\"543\" data-end=\"642\">Recopilamos la siguiente informaci\u00f3n personal cuando haces una reserva o te comunicas con nosotros:<\/p>\n<ul data-start=\"644\" data-end=\"853\">\n<li data-start=\"644\" data-end=\"663\">\n<p data-start=\"646\" data-end=\"663\">Nombre completo<\/p>\n<\/li>\n<li data-start=\"664\" data-end=\"704\">\n<p data-start=\"666\" data-end=\"704\">N\u00famero de identificaci\u00f3n o pasaporte<\/p>\n<\/li>\n<li data-start=\"705\" data-end=\"757\">\n<p data-start=\"707\" data-end=\"757\">Datos de contacto (tel\u00e9fono, correo electr\u00f3nico)<\/p>\n<\/li>\n<li data-start=\"758\" data-end=\"806\">\n<p data-start=\"760\" data-end=\"806\">Informaci\u00f3n de pago (en plataformas seguras)<\/p>\n<\/li>\n<li data-start=\"807\" data-end=\"853\">\n<p data-start=\"809\" data-end=\"853\">Nacionalidad y preferencias de alojamiento<\/p>\n<\/li>\n<\/ul>\n<hr data-start=\"855\" data-end=\"858\" \/>\n<h4 data-start=\"860\" data-end=\"893\"><strong data-start=\"865\" data-end=\"893\">2. Uso de la informaci\u00f3n<\/strong><\/h4>\n<p data-start=\"895\" data-end=\"947\">Utilizamos tu informaci\u00f3n para los siguientes fines:<\/p>\n<ul data-start=\"949\" data-end=\"1150\">\n<li data-start=\"949\" data-end=\"982\">\n<p data-start=\"951\" data-end=\"982\">Procesar y gestionar reservas<\/p>\n<\/li>\n<li data-start=\"983\" data-end=\"1043\">\n<p data-start=\"985\" data-end=\"1043\">Enviarte confirmaciones, recordatorios o actualizaciones<\/p>\n<\/li>\n<li data-start=\"1044\" data-end=\"1093\">\n<p data-start=\"1046\" data-end=\"1093\">Cumplir con requisitos legales o de seguridad<\/p>\n<\/li>\n<li data-start=\"1094\" data-end=\"1150\">\n<p data-start=\"1096\" data-end=\"1150\">Mejorar nuestros servicios y experiencia del cliente<\/p>\n<\/li>\n<\/ul>\n<hr data-start=\"1152\" data-end=\"1155\" \/>\n<h4 data-start=\"1157\" data-end=\"1197\"><strong data-start=\"1162\" data-end=\"1197\">3. Protecci\u00f3n de la informaci\u00f3n<\/strong><\/h4>\n<p data-start=\"1199\" data-end=\"1550\">Implementamos medidas de seguridad t\u00e9cnicas y organizativas para proteger tu informaci\u00f3n contra accesos no autorizados, alteraciones o divulgaci\u00f3n. No compartimos tus datos personales con terceros, excepto cuando sea necesario para cumplir con la ley o para servicios relacionados con la reserva (por ejemplo, plataformas de pago o reservas en l\u00ednea).<\/p>\n<hr data-start=\"1552\" data-end=\"1555\" \/>\n<h4 data-start=\"1557\" data-end=\"1589\"><strong data-start=\"1562\" data-end=\"1589\">4. Derechos del usuario<\/strong><\/h4>\n<p data-start=\"1591\" data-end=\"1608\">Tienes derecho a:<\/p>\n<ul data-start=\"1610\" data-end=\"1757\">\n<li data-start=\"1610\" data-end=\"1647\">\n<p data-start=\"1612\" data-end=\"1647\">Acceder a tu informaci\u00f3n personal<\/p>\n<\/li>\n<li data-start=\"1648\" data-end=\"1702\">\n<p data-start=\"1650\" data-end=\"1702\">Solicitar la correcci\u00f3n o eliminaci\u00f3n de tus datos<\/p>\n<\/li>\n<li data-start=\"1703\" data-end=\"1757\">\n<p data-start=\"1705\" data-end=\"1757\">Retirar tu consentimiento para el uso de tus datos<\/p>\n<\/li>\n<\/ul>\n<p data-start=\"1759\" data-end=\"1842\">Puedes ejercer estos derechos escribi\u00e9ndonos a: <strong data-start=\"1807\" data-end=\"1842\">[correo electr\u00f3nico del hostal]<\/strong><\/p>\n<hr data-start=\"1844\" data-end=\"1847\" \/>\n<h4 data-start=\"1849\" data-end=\"1884\"><strong data-start=\"1854\" data-end=\"1884\">5. Cookies y servicios web<\/strong><\/h4>\n<p data-start=\"1886\" data-end=\"2088\">Nuestro sitio web puede utilizar cookies para mejorar tu experiencia de navegaci\u00f3n. Tambi\u00e9n podemos recopilar informaci\u00f3n an\u00f3nima sobre el uso del sitio para fines estad\u00edsticos y de mejora del servicio.<\/p>\n<hr data-start=\"2090\" data-end=\"2093\" \/>\n<h4 data-start=\"2095\" data-end=\"2131\"><strong data-start=\"2100\" data-end=\"2131\">6. Cambios en esta pol\u00edtica<\/strong><\/h4>\n<p data-start=\"2133\" data-end=\"2306\">Nos reservamos el derecho de actualizar esta pol\u00edtica en cualquier momento. Las modificaciones ser\u00e1n publicadas en nuestro sitio web con la fecha de la \u00faltima actualizaci\u00f3n.<\/p>\n<hr data-start=\"2308\" data-end=\"2311\" \/>\n<p data-start=\"2313\" data-end=\"2365\"><strong data-start=\"2313\" data-end=\"2347\">Fecha de \u00faltima actualizaci\u00f3n:<\/strong> [03-06-2025]<\/p>\n<p><strong data-start=\"2367\" data-end=\"2380\">Contacto:<\/strong><\/p>\n<ul>\n<li>Adventure Hostel<\/li>\n<li>Cra. 8 #11-78, San Gil, Santander<\/li>\n<li>3054720385<\/li>\n<li>adventurehostelsangil@gmail.com<\/li>\n<\/ul>\t\t\t\t\t\t\t\t<\/div>\n\t\t\t\t<\/div>\n\t\t\t\t\t<\/div>\n\t\t\t\t<\/div>\n\t\t\t\t<\/div>","protected":false},"excerpt":{"rendered":"<p>Pol\u00edtica de Privacidad de Adventure Hostel San Gil En Adventure Hostel, ubicado en San Gil, Colombia, nos comprometemos a proteger la privacidad de nuestros hu\u00e9spedes y visitantes. Esta Pol\u00edtica de Privacidad explica c\u00f3mo recopilamos, usamos y protegemos la informaci\u00f3n personal que nos proporcionas. 1. Informaci\u00f3n que recopilamos Recopilamos la siguiente informaci\u00f3n personal cuando haces una [&hellip;]<\/p>","protected":false},"author":1,"featured_media":0,"parent":0,"menu_order":0,"comment_status":"closed","ping_status":"closed","template":"","meta":{"site-sidebar-layout":"default","site-content-layout":"","ast-site-content-layout":"default","site-content-style":"default","site-sidebar-style":"default","ast-global-header-display":"","ast-banner-title-visibility":"","ast-main-header-display":"","ast-hfb-above-header-display":"","ast-hfb-below-header-display":"","ast-hfb-mobile-header-display":"","site-post-title":"disabled","ast-breadcrumbs-content":"","ast-featured-img":"","footer-sml-layout":"","theme-transparent-header-meta":"","adv-header-id-meta":"","stick-header-meta":"","header-above-stick-meta":"","header-main-stick-meta":"","header-below-stick-meta":"","astra-migrate-meta-layouts":"set","ast-page-background-enabled":"default","ast-page-background-meta":{"desktop":{"background-color":"","background-image":"","background-repeat":"repeat","background-position":"center center","background-size":"auto","background-attachment":"scroll","background-type":"","background-media":"","overlay-type":"","overlay-color":"","overlay-opacity":"","overlay-gradient":""},"tablet":{"background-color":"","background-image":"","background-repeat":"repeat","background-position":"center center","background-size":"auto","background-attachment":"scroll","background-type":"","background-media":"","overlay-type":"","overlay-color":"","overlay-opacity":"","overlay-gradient":""},"mobile":{"background-color":"","background-image":"","background-repeat":"repeat","background-position":"center center","background-size":"auto","background-attachment":"scroll","background-type":"","background-media":"","overlay-type":"","overlay-color":"","overlay-opacity":"","overlay-gradient":""}},"ast-content-background-meta":{"desktop":{"background-color":"var(--ast-global-color-5)","background-image":"","background-repeat":"repeat","background-position":"center center","background-size":"auto","background-attachment":"scroll","background-type":"","background-media":"","overlay-type":"","overlay-color":"","overlay-opacity":"","overlay-gradient":""},"tablet":{"background-color":"var(--ast-global-color-5)","background-image":"","background-repeat":"repeat","background-position":"center center","background-size":"auto","background-attachment":"scroll","background-type":"","background-media":"","overlay-type":"","overlay-color":"","overlay-opacity":"","overlay-gradient":""},"mobile":{"background-color":"var(--ast-global-color-5)","background-image":"","background-repeat":"repeat","background-position":"center center","background-size":"auto","background-attachment":"scroll","background-type":"","background-media":"","overlay-type":"","overlay-color":"","overlay-opacity":"","overlay-gradient":""}},"footnotes":""},"class_list":["post-3","page","type-page","status-publish","hentry"],"_links":{"self":[{"href":"https:\/\/adventurehostelsangil.com\/en\/wp-json\/wp\/v2\/pages\/3","targetHints":{"allow":["GET"]}}],"collection":[{"href":"https:\/\/adventurehostelsangil.com\/en\/wp-json\/wp\/v2\/pages"}],"about":[{"href":"https:\/\/adventurehostelsangil.com\/en\/wp-json\/wp\/v2\/types\/page"}],"author":[{"embeddable":true,"href":"https:\/\/adventurehostelsangil.com\/en\/wp-json\/wp\/v2\/users\/1"}],"replies":[{"embeddable":true,"href":"https:\/\/adventurehostelsangil.com\/en\/wp-json\/wp\/v2\/comments?post=3"}],"version-history":[{"count":5,"href":"https:\/\/adventurehostelsangil.com\/en\/wp-json\/wp\/v2\/pages\/3\/revisions"}],"predecessor-version":[{"id":855,"href":"https:\/\/adventurehostelsangil.com\/en\/wp-json\/wp\/v2\/pages\/3\/revisions\/855"}],"wp:attachment":[{"href":"https:\/\/adventurehostelsangil.com\/en\/wp-json\/wp\/v2\/media?parent=3"}],"curies":[{"name":"wp","href":"https:\/\/api.w.org\/{rel}","templated":true}]}}